{"id":59,"date":"2023-10-05T04:26:43","date_gmt":"2023-10-05T04:26:43","guid":{"rendered":"https:\/\/demos.codezeel.com\/wordpress\/WP03\/WP059\/default\/?page_id=59"},"modified":"2025-01-13T20:48:25","modified_gmt":"2025-01-13T19:48:25","slug":"menu","status":"publish","type":"page","link":"https:\/\/pieroschka.ch\/index.php\/menu\/","title":{"rendered":"Menu"},"content":{"rendered":"\t\t<div data-elementor-type=\"wp-page\" data-elementor-id=\"59\" class=\"elementor elementor-59\">\n\t\t\t\t\t\t<div class=\"elementor-section elementor-top-section elementor-element elementor-element-cdb24bf elementor-section-boxed elementor-section-height-default elementor-section-height-default\" data-id=\"cdb24bf\" data-element_type=\"section\">\n\t\t\t\t\t\t<div class=\"elementor-container elementor-column-gap-no\">\n\t\t\t\t\t<div class=\"elementor-column elementor-col-50 elementor-top-column elementor-element elementor-element-e262c66\" data-id=\"e262c66\" data-element_type=\"column\">\n\t\t\t<div class=\"elementor-widget-wrap elementor-element-populated\">\n\t\t\t\t\t\t<div class=\"elementor-element elementor-element-d237587 elementor-widget elementor-widget-heading\" data-id=\"d237587\" data-element_type=\"widget\" data-widget_type=\"heading.default\">\n\t\t\t\t<div class=\"elementor-widget-container\">\n\t\t\t\t\t<h3 class=\"elementor-heading-title elementor-size-default\">Tradycyjne polskie smaki!<\/h3>\t\t\t\t<\/div>\n\t\t\t\t<\/div>\n\t\t\t\t<div class=\"elementor-element elementor-element-376127d elementor-widget elementor-widget-text-editor\" data-id=\"376127d\" data-element_type=\"widget\" data-widget_type=\"text-editor.default\">\n\t\t\t\t<div class=\"elementor-widget-container\">\n\t\t\t\t\t\t\t\t\t<p><span style=\"letter-spacing: normal; caret-color: #000000; color: #000000; font-size: medium;\">Witaj w\u00a0<\/span><strong style=\"letter-spacing: normal; caret-color: #000000; color: #000000;\">Pieroschka Bistro<\/strong><span style=\"letter-spacing: normal; caret-color: #000000; color: #000000; font-size: medium;\">\u00a0\u2013 miejscu, gdzie tradycyjne polskie smaki spotykaj\u0105 si\u0119 z mi\u0142o\u015bci\u0105 do zdrowej, ekologicznej kuchni! \ud83c\udf3f Nasze menu to podr\u00f3\u017c kulinarna pe\u0142na aromatycznych pierog\u00f3w, zup i deser\u00f3w, kt\u00f3re przenios\u0105 Ci\u0119 do serca polskich domowych obiad\u00f3w.<\/span><\/p><p style=\"letter-spacing: normal; caret-color: #000000; color: #000000;\">Ciesz si\u0119 wyj\u0105tkowym smakiem, kt\u00f3ry \u0142\u0105czy Polsk\u0119 i Szwajcari\u0119 w jednym miejscu.\u00a0<\/p>\t\t\t\t\t\t\t\t<\/div>\n\t\t\t\t<\/div>\n\t\t\t\t<div class=\"elementor-element elementor-element-55d8536 elementor-list-item-link-inline elementor-align-left elementor-widget elementor-widget-icon-list\" data-id=\"55d8536\" data-element_type=\"widget\" data-widget_type=\"icon-list.default\">\n\t\t\t\t<div class=\"elementor-widget-container\">\n\t\t\t\t\t\t\t<ul class=\"elementor-icon-list-items\">\n\t\t\t\t\t\t\t<li class=\"elementor-icon-list-item\">\n\t\t\t\t\t\t\t\t\t\t\t<span class=\"elementor-icon-list-icon\">\n\t\t\t\t\t\t\t<svg aria-hidden=\"true\" class=\"e-font-icon-svg e-fas-check-circle\" viewBox=\"0 0 512 512\" xmlns=\"http:\/\/www.w3.org\/2000\/svg\"><path d=\"M504 256c0 136.967-111.033 248-248 248S8 392.967 8 256 119.033 8 256 8s248 111.033 248 248zM227.314 387.314l184-184c6.248-6.248 6.248-16.379 0-22.627l-22.627-22.627c-6.248-6.249-16.379-6.249-22.628 0L216 308.118l-70.059-70.059c-6.248-6.248-16.379-6.248-22.628 0l-22.627 22.627c-6.248 6.248-6.248 16.379 0 22.627l104 104c6.249 6.249 16.379 6.249 22.628.001z\"><\/path><\/svg>\t\t\t\t\t\t<\/span>\n\t\t\t\t\t\t\t\t\t\t<span class=\"elementor-icon-list-text\">Ekologiczne sk\u0142adniki - <span style=\"letter-spacing: normal; white-space: normal; caret-color: rgb(0, 0, 0); color: rgb(0, 0, 0); font-size: medium;\">nasze potrawy przygotowujemy z produkt\u00f3w najwy\u017cszej jako\u015bci, dbaj\u0105c o \u015brodowisko.<\/span><\/span>\n\t\t\t\t\t\t\t\t\t<\/li>\n\t\t\t\t\t\t\t\t<li class=\"elementor-icon-list-item\">\n\t\t\t\t\t\t\t\t\t\t\t<span class=\"elementor-icon-list-icon\">\n\t\t\t\t\t\t\t<svg aria-hidden=\"true\" class=\"e-font-icon-svg e-fas-check-circle\" viewBox=\"0 0 512 512\" xmlns=\"http:\/\/www.w3.org\/2000\/svg\"><path d=\"M504 256c0 136.967-111.033 248-248 248S8 392.967 8 256 119.033 8 256 8s248 111.033 248 248zM227.314 387.314l184-184c6.248-6.248 6.248-16.379 0-22.627l-22.627-22.627c-6.248-6.249-16.379-6.249-22.628 0L216 308.118l-70.059-70.059c-6.248-6.248-16.379-6.248-22.628 0l-22.627 22.627c-6.248 6.248-6.248 16.379 0 22.627l104 104c6.249 6.249 16.379 6.249 22.628.001z\"><\/path><\/svg>\t\t\t\t\t\t<\/span>\n\t\t\t\t\t\t\t\t\t\t<span class=\"elementor-icon-list-text\">Tradycyjne receptury - <span style=\"letter-spacing: normal; white-space: normal; caret-color: rgb(0, 0, 0); color: rgb(0, 0, 0); font-size: medium;\">nasza kuchnia to ho\u0142d dla polskiej tradycji kulinarnej.&nbsp;<\/span><\/span>\n\t\t\t\t\t\t\t\t\t<\/li>\n\t\t\t\t\t\t\t\t<li class=\"elementor-icon-list-item\">\n\t\t\t\t\t\t\t\t\t\t\t<span class=\"elementor-icon-list-icon\">\n\t\t\t\t\t\t\t<svg aria-hidden=\"true\" class=\"e-font-icon-svg e-fas-check-circle\" viewBox=\"0 0 512 512\" xmlns=\"http:\/\/www.w3.org\/2000\/svg\"><path d=\"M504 256c0 136.967-111.033 248-248 248S8 392.967 8 256 119.033 8 256 8s248 111.033 248 248zM227.314 387.314l184-184c6.248-6.248 6.248-16.379 0-22.627l-22.627-22.627c-6.248-6.249-16.379-6.249-22.628 0L216 308.118l-70.059-70.059c-6.248-6.248-16.379-6.248-22.628 0l-22.627 22.627c-6.248 6.248-6.248 16.379 0 22.627l104 104c6.249 6.249 16.379 6.249 22.628.001z\"><\/path><\/svg>\t\t\t\t\t\t<\/span>\n\t\t\t\t\t\t\t\t\t\t<span class=\"elementor-icon-list-text\">Rodzinna atmosfera - <span style=\"letter-spacing: normal; white-space: normal; caret-color: rgb(0, 0, 0); color: rgb(0, 0, 0); font-size: medium;\">u nas poczujesz si\u0119 jak w domu.<\/span><\/span>\n\t\t\t\t\t\t\t\t\t<\/li>\n\t\t\t\t\t\t<\/ul>\n\t\t\t\t\t\t<\/div>\n\t\t\t\t<\/div>\n\t\t\t\t<div class=\"elementor-element elementor-element-abc2645 elementor-widget elementor-widget-spacer\" data-id=\"abc2645\" data-element_type=\"widget\" data-widget_type=\"spacer.default\">\n\t\t\t\t<div class=\"elementor-widget-container\">\n\t\t\t\t\t\t\t<div class=\"elementor-spacer\">\n\t\t\t<div class=\"elementor-spacer-inner\"><\/div>\n\t\t<\/div>\n\t\t\t\t\t\t<\/div>\n\t\t\t\t<\/div>\n\t\t\t\t<div class=\"elementor-element elementor-element-80e6750 elementor-align-center elementor-widget elementor-widget-button\" data-id=\"80e6750\" data-element_type=\"widget\" data-widget_type=\"button.default\">\n\t\t\t\t<div class=\"elementor-widget-container\">\n\t\t\t\t\t\t\t\t\t<div class=\"elementor-button-wrapper\">\n\t\t\t\t\t<a class=\"elementor-button elementor-button-link elementor-size-sm\" href=\"https:\/\/www.just-eat.ch\/pl\/menu\/house-of-harmony\">\n\t\t\t\t\t\t<span class=\"elementor-button-content-wrapper\">\n\t\t\t\t\t\t\t\t\t<span class=\"elementor-button-text\">Zam\u00f3w online<\/span>\n\t\t\t\t\t<\/span>\n\t\t\t\t\t<\/a>\n\t\t\t\t<\/div>\n\t\t\t\t\t\t\t\t<\/div>\n\t\t\t\t<\/div>\n\t\t\t\t\t<\/div>\n\t\t<\/div>\n\t\t\t\t<div class=\"elementor-column elementor-col-50 elementor-top-column elementor-element elementor-element-b2aef1a\" data-id=\"b2aef1a\" data-element_type=\"column\">\n\t\t\t<div class=\"elementor-widget-wrap elementor-element-populated\">\n\t\t\t\t\t\t<div class=\"elementor-element elementor-element-91c670e cms-banner elementor-widget elementor-widget-image\" data-id=\"91c670e\" data-element_type=\"widget\" data-widget_type=\"image.default\">\n\t\t\t\t<div class=\"elementor-widget-container\">\n\t\t\t\t\t\t\t\t\t\t\t\t\t\t\t<img fetchpriority=\"high\" decoding=\"async\" width=\"426\" height=\"598\" src=\"https:\/\/pieroschka.ch\/wp-content\/uploads\/2025\/01\/462578985_906254824639932_2440851671110881102_n.jpg\" class=\"attachment-full size-full wp-image-12466\" alt=\"\" srcset=\"https:\/\/pieroschka.ch\/wp-content\/uploads\/2025\/01\/462578985_906254824639932_2440851671110881102_n.jpg 426w, https:\/\/pieroschka.ch\/wp-content\/uploads\/2025\/01\/462578985_906254824639932_2440851671110881102_n-214x300.jpg 214w\" sizes=\"(max-width: 426px) 100vw, 426px\" \/>\t\t\t\t\t\t\t\t\t\t\t\t\t\t\t<\/div>\n\t\t\t\t<\/div>\n\t\t\t\t\t<\/div>\n\t\t<\/div>\n\t\t\t\t\t<\/div>\n\t\t<\/div>\n\t\t\t\t<\/div>\n\t\t","protected":false},"excerpt":{"rendered":"<p>Tradycyjne polskie smaki! Witaj w\u00a0Pieroschka Bistro\u00a0\u2013 miejscu, gdzie tradycyjne polskie smaki spotykaj\u0105 si\u0119 z mi\u0142o\u015bci\u0105 do zdrowej, ekologicznej kuchni! \ud83c\udf3f Nasze menu to podr\u00f3\u017c kulinarna pe\u0142na aromatycznych pierog\u00f3w, zup i deser\u00f3w, kt\u00f3re przenios\u0105 Ci\u0119 do serca polskich domowych obiad\u00f3w. Ciesz si\u0119 wyj\u0105tkowym smakiem, kt\u00f3ry \u0142\u0105czy Polsk\u0119 i Szwajcari\u0119 w jednym miejscu.\u00a0 Ekologiczne sk\u0142adniki &#8211; nasze&#8230;<\/p>\n","protected":false},"author":1,"featured_media":0,"parent":0,"menu_order":0,"comment_status":"closed","ping_status":"closed","template":"","meta":{"_bst_post_transparent":"","_bst_post_title":"default","_bst_post_layout":"default","_bst_post_sidebar_id":"","_bst_post_content_style":"unboxed","_bst_post_vertical_padding":"default","_bst_post_feature":"hide","_bst_post_feature_position":"","_bst_post_header":false,"_bst_post_footer":false,"footnotes":""},"class_list":["post-59","page","type-page","status-publish","hentry"],"_links":{"self":[{"href":"https:\/\/pieroschka.ch\/index.php\/wp-json\/wp\/v2\/pages\/59","targetHints":{"allow":["GET"]}}],"collection":[{"href":"https:\/\/pieroschka.ch\/index.php\/wp-json\/wp\/v2\/pages"}],"about":[{"href":"https:\/\/pieroschka.ch\/index.php\/wp-json\/wp\/v2\/types\/page"}],"author":[{"embeddable":true,"href":"https:\/\/pieroschka.ch\/index.php\/wp-json\/wp\/v2\/users\/1"}],"replies":[{"embeddable":true,"href":"https:\/\/pieroschka.ch\/index.php\/wp-json\/wp\/v2\/comments?post=59"}],"version-history":[{"count":5,"href":"https:\/\/pieroschka.ch\/index.php\/wp-json\/wp\/v2\/pages\/59\/revisions"}],"predecessor-version":[{"id":12470,"href":"https:\/\/pieroschka.ch\/index.php\/wp-json\/wp\/v2\/pages\/59\/revisions\/12470"}],"wp:attachment":[{"href":"https:\/\/pieroschka.ch\/index.php\/wp-json\/wp\/v2\/media?parent=59"}],"curies":[{"name":"wp","href":"https:\/\/api.w.org\/{rel}","templated":true}]}}